{"id":120,"date":"2018-12-30T22:56:07","date_gmt":"2018-12-30T21:56:07","guid":{"rendered":"http:\/\/www.d-3-s.de\/?page_id=120"},"modified":"2024-06-18T09:18:59","modified_gmt":"2024-06-18T07:18:59","slug":"impressum","status":"publish","type":"page","link":"https:\/\/www.ds-christiansen.de\/?page_id=120","title":{"rendered":"Impressum"},"content":{"rendered":"<\/p>\n<p><!--StartFragment--><\/p>\n\n\n<h1 class=\"wp-block-heading\">Unternehmen<\/h1>\n\n\n\n<p>Laiks GmbH<br>Echternstr. 76<br>32657 Lemgo<\/p>\n\n\n\n<h2 class=\"wp-block-heading\">Kontakt<\/h2>\n\n\n\n<p>Telefon: +49 5261 2172591<br>Telefax: +49 5261 2172593<br>E-Mail: info@ds-christiansen.de<\/p>\n\n\n\n<h2 class=\"wp-block-heading\">Registereintrag<\/h2>\n\n\n\n<p>Eintragung im Handelsregister<br>Registergericht: Amtsgericht Lemgo<br>Registernummer: HRB 10726<br>Gesch\u00e4ftsf\u00fchrer: Lars Christiansen<\/p>\n\n\n\n<p><\/p>\n\n\n\n<h2 class=\"wp-block-heading\">Umsatzsteuer-ID<\/h2>\n\n\n\n<p>Umsatzsteuer-Identifikationsnummer:<br>DE358076245<\/p>\n\n\n\n<h2 class=\"wp-block-heading\">Angaben zur Berufshaftpflichtversicherung<\/h2>\n\n\n\n<p><strong>Name und Sitz des Versicherers:<\/strong><br>R+V Allgemeine Versicherung AG<br>Raiffeisenplatz 1<br>65189 Wiesbaden<\/p>\n\n\n\n<p><strong>Geltungsraum der Versicherung:<\/strong><br>Im gesamten EU\u2010Gebiet und den Staaten des Abkommens \u00fcber den Europ\u00e4ischen Wirtschaftsraum.<\/p>\n\n\n\n<h2 class=\"wp-block-heading\">Verantwortlich f\u00fcr den Inhalt<\/h2>\n\n\n\n<p>Lars Christiansen<br>Echternstr. 76<br>32657 Lemgo<\/p>\n\n\n\n<p>Wir sind nicht bereit oder verpflichtet, an Streitbeilegungsverfahren vor einer Verbraucherschlichtungsstelle teilzunehmen.<\/p>\n\n\n\n<h2 class=\"wp-block-heading\">Bildrechte<\/h2>\n\n\n\n<p>Fotos: Jutta Jelinske <a rel=\"noreferrer noopener\" aria-label=\" (\u00f6ffnet in neuem Tab)\" href=\"https:\/\/www.fotografie-jelinski.de\/\" target=\"_blank\">https:\/\/www.fotografie-jelinski.de\/<\/a><br>Bilder: Astrid Alteheld, Lemgo<\/p>\n\n\n\n<h2 class=\"wp-block-heading\">Soziale Medien<\/h2>\n\n\n\n<p><strong>Dieses Impressum gilt auch f\u00fcr:<\/strong><br>den Twitter-Account -&gt; <a href=\"https:\/\/twitter.com\/L_Christiansen\" target=\"_blank\" rel=\"noreferrer noopener\" aria-label=\" (\u00f6ffnet in neuem Tab)\">https:\/\/twitter.com\/L_Christiansen<\/a><br>das XING-Profil -&gt; <a rel=\"noreferrer noopener\" aria-label=\" (\u00f6ffnet in neuem Tab)\" href=\"https:\/\/www.xing.com\/profile\/Lars_Christiansen10\" target=\"_blank\">https:\/\/www.xing.com\/profile\/Lars_Christiansen10<\/a><br>das LinkedIn-Profil -&gt;  <a rel=\"noreferrer noopener\" aria-label=\" (\u00f6ffnet in neuem Tab)\" href=\"https:\/\/www.linkedin.com\/in\/lars-christiansen-60012669\/\" target=\"_blank\">https:\/\/www.linkedin.com\/in\/lars-christiansen-60012669\/<\/a><\/p>\n\n\n\n<h3 class=\"wp-block-heading\">Haftung f\u00fcr Inhalte<\/h3>\n\n\n\n<p>Als Diensteanbieter sind wir gem\u00e4\u00df \u00a7 7 Abs.1 DDG f\u00fcr eigene Inhalte auf diesen Seiten nach den allgemeinen Gesetzen verantwortlich. Nach \u00a7\u00a7 8 bis 10 DDG sind wir als Diensteanbieter jedoch nicht verpflichtet, \u00fcbermittelte oder gespeicherte fremde Informationen zu \u00fcberwachen oder nach Umst\u00e4nden zu forschen, die auf eine rechtswidrige T\u00e4tigkeit hinweisen.<\/p>\n\n\n\n<p>Verpflichtungen zur Entfernung oder Sperrung der Nutzung von Informationen nach den allgemeinen Gesetzen bleiben hiervon unber\u00fchrt. Eine diesbez\u00fcgliche Haftung ist jedoch erst ab dem Zeitpunkt der Kenntnis einer konkreten Rechtsverletzung m\u00f6glich. Bei Bekanntwerden von entsprechenden Rechtsverletzungen werden wir diese Inhalte umgehend entfernen.<\/p>\n\n\n\n<h3 class=\"wp-block-heading\">Haftung f\u00fcr Links<\/h3>\n\n\n\n<p>Unser Angebot enth\u00e4lt Links zu externen Websites Dritter, auf deren Inhalte wir keinen Einfluss haben. Deshalb k\u00f6nnen wir f\u00fcr diese fremden Inhalte auch keine Gew\u00e4hr \u00fcbernehmen. F\u00fcr die Inhalte der verlinkten Seiten ist stets der jeweilige Anbieter oder Betreiber der Seiten verantwortlich. Die verlinkten Seiten wurden zum Zeitpunkt der Verlinkung auf m\u00f6gliche Rechtsverst\u00f6\u00dfe \u00fcberpr\u00fcft. Rechtswidrige Inhalte waren zum Zeitpunkt der Verlinkung nicht erkennbar.<\/p>\n\n\n\n<p>Eine permanente inhaltliche Kontrolle der verlinkten Seiten ist jedoch ohne konkrete Anhaltspunkte einer Rechtsverletzung nicht zumutbar. Bei Bekanntwerden von Rechtsverletzungen werden wir derartige Links umgehend entfernen.<\/p>\n\n\n\n<h3 class=\"wp-block-heading\">Urheberrecht<\/h3>\n\n\n\n<p>Die durch die Seitenbetreiber erstellten Inhalte und Werke auf diesen Seiten unterliegen dem deutschen Urheberrecht. Die Vervielf\u00e4ltigung, Bearbeitung, Verbreitung und jede Art der Verwertung au\u00dferhalb der Grenzen des Urheberrechtes bed\u00fcrfen der schriftlichen Zustimmung des jeweiligen Autors bzw. Erstellers. Downloads und Kopien dieser Seite sind nur f\u00fcr den privaten, nicht kommerziellen Gebrauch gestattet.<\/p>\n\n\n\n<p>Soweit die Inhalte auf dieser Seite nicht vom Betreiber erstellt wurden, werden die Urheberrechte Dritter beachtet. Insbesondere werden Inhalte Dritter als solche gekennzeichnet. Sollten Sie trotzdem auf eine Urheberrechtsverletzung aufmerksam werden, bitten wir um einen entsprechenden Hinweis. Bei Bekanntwerden von Rechtsverletzungen werden wir derartige Inhalte umgehend entfernen.<\/p>\n\n\n<p><!--EndFragment--><\/p>\n<\/p>","protected":false},"excerpt":{"rendered":"<p>Unternehmen Laiks GmbHEchternstr. 7632657 Lemgo Kontakt Telefon: +49 5261 2172591Telefax: +49 5261 2172593E-Mail: info@ds-christiansen.de Registereintrag Eintragung im HandelsregisterRegistergericht: Amtsgericht LemgoRegisternummer: HRB 10726Gesch\u00e4ftsf\u00fchrer: Lars Christiansen Umsatzsteuer-ID Umsatzsteuer-Identifikationsnummer:DE358076245 Angaben zur Berufshaftpflichtversicherung Name und Sitz des Versicherers:R+V Allgemeine Versicherung AGRaiffeisenplatz 165189 Wiesbaden Geltungsraum der Versicherung:Im gesamten EU\u2010Gebiet und den Staaten des Abkommens \u00fcber den Europ\u00e4ischen Wirtschaftsraum. Verantwortlich f\u00fcr &hellip; <\/p>\n<p class=\"link-more\"><a href=\"https:\/\/www.ds-christiansen.de\/?page_id=120\" class=\"more-link\"><span class=\"screen-reader-text\">\u201eImpressum\u201c <\/span>weiterlesen<\/a><\/p>\n","protected":false},"author":3,"featured_media":0,"parent":0,"menu_order":0,"comment_status":"closed","ping_status":"closed","template":"","meta":{"footnotes":""},"class_list":["post-120","page","type-page","status-publish","hentry"],"_links":{"self":[{"href":"https:\/\/www.ds-christiansen.de\/index.php?rest_route=\/wp\/v2\/pages\/120","targetHints":{"allow":["GET"]}}],"collection":[{"href":"https:\/\/www.ds-christiansen.de\/index.php?rest_route=\/wp\/v2\/pages"}],"about":[{"href":"https:\/\/www.ds-christiansen.de\/index.php?rest_route=\/wp\/v2\/types\/page"}],"author":[{"embeddable":true,"href":"https:\/\/www.ds-christiansen.de\/index.php?rest_route=\/wp\/v2\/users\/3"}],"replies":[{"embeddable":true,"href":"https:\/\/www.ds-christiansen.de\/index.php?rest_route=%2Fwp%2Fv2%2Fcomments&post=120"}],"version-history":[{"count":22,"href":"https:\/\/www.ds-christiansen.de\/index.php?rest_route=\/wp\/v2\/pages\/120\/revisions"}],"predecessor-version":[{"id":410,"href":"https:\/\/www.ds-christiansen.de\/index.php?rest_route=\/wp\/v2\/pages\/120\/revisions\/410"}],"wp:attachment":[{"href":"https:\/\/www.ds-christiansen.de\/index.php?rest_route=%2Fwp%2Fv2%2Fmedia&parent=120"}],"curies":[{"name":"wp","href":"https:\/\/api.w.org\/{rel}","templated":true}]}}